{"id":1529,"date":"2022-01-14T12:02:52","date_gmt":"2022-01-14T12:02:52","guid":{"rendered":"https:\/\/previchama.pt\/previchama\/?page_id=1529"},"modified":"2022-05-09T10:27:56","modified_gmt":"2022-05-09T10:27:56","slug":"sinalizacao-seguranca","status":"publish","type":"page","link":"https:\/\/previchama.pt\/previchama\/produtos\/protecao-contra-incendio\/sinalizacao-seguranca\/","title":{"rendered":"Sinaliza\u00e7\u00e3o de Seguran\u00e7a"},"content":{"rendered":"\t\t<div data-elementor-type=\"wp-page\" data-elementor-id=\"1529\" class=\"elementor elementor-1529\">\n\t\t\t\t\t\t<section class=\"elementor-section elementor-top-section elementor-element elementor-element-ad7f17f elementor-section-full_width elementor-section-height-default elementor-section-height-default\" data-id=\"ad7f17f\" data-element_type=\"section\" data-e-type=\"section\">\n\t\t\t\t\t\t<div class=\"elementor-container elementor-column-gap-default\">\n\t\t\t\t\t<div class=\"elementor-column elementor-col-50 elementor-top-column elementor-element elementor-element-174df53\" data-id=\"174df53\" data-element_type=\"column\" data-e-type=\"column\">\n\t\t\t<div class=\"elementor-widget-wrap elementor-element-populated\">\n\t\t\t\t\t\t<div class=\"elementor-element elementor-element-ee138a4 elementor-align-left e-transform e-transform e-transform elementor-fixed animated-slow elementor-invisible elementor-widget elementor-widget-button\" data-id=\"ee138a4\" data-element_type=\"widget\" data-e-type=\"widget\" data-settings=\"{&quot;_transform_rotateZ_effect&quot;:{&quot;unit&quot;:&quot;px&quot;,&quot;size&quot;:-90,&quot;sizes&quot;:[]},&quot;_transform_translateX_effect&quot;:{&quot;unit&quot;:&quot;px&quot;,&quot;size&quot;:-115,&quot;sizes&quot;:[]},&quot;_transform_translateX_effect_mobile&quot;:{&quot;unit&quot;:&quot;px&quot;,&quot;size&quot;:134,&quot;sizes&quot;:[]},&quot;_transform_translateY_effect&quot;:{&quot;unit&quot;:&quot;px&quot;,&quot;size&quot;:30,&quot;sizes&quot;:[]},&quot;_transform_translateY_effect_mobile&quot;:{&quot;unit&quot;:&quot;px&quot;,&quot;size&quot;:30,&quot;sizes&quot;:[]},&quot;_position&quot;:&quot;fixed&quot;,&quot;_transform_translateX_effect_tablet&quot;:{&quot;unit&quot;:&quot;px&quot;,&quot;size&quot;:-90,&quot;sizes&quot;:[]},&quot;_animation&quot;:&quot;bounceIn&quot;,&quot;_transform_rotateZ_effect_tablet&quot;:{&quot;unit&quot;:&quot;deg&quot;,&quot;size&quot;:&quot;&quot;,&quot;sizes&quot;:[]},&quot;_transform_rotateZ_effect_mobile&quot;:{&quot;unit&quot;:&quot;deg&quot;,&quot;size&quot;:&quot;&quot;,&quot;sizes&quot;:[]},&quot;_transform_translateY_effect_tablet&quot;:{&quot;unit&quot;:&quot;px&quot;,&quot;size&quot;:&quot;&quot;,&quot;sizes&quot;:[]},&quot;_transform_skewX_effect&quot;:{&quot;unit&quot;:&quot;px&quot;,&quot;size&quot;:&quot;&quot;,&quot;sizes&quot;:[]},&quot;_transform_skewX_effect_tablet&quot;:{&quot;unit&quot;:&quot;deg&quot;,&quot;size&quot;:&quot;&quot;,&quot;sizes&quot;:[]},&quot;_transform_skewX_effect_mobile&quot;:{&quot;unit&quot;:&quot;deg&quot;,&quot;size&quot;:&quot;&quot;,&quot;sizes&quot;:[]},&quot;_transform_skewY_effect&quot;:{&quot;unit&quot;:&quot;px&quot;,&quot;size&quot;:&quot;&quot;,&quot;sizes&quot;:[]},&quot;_transform_skewY_effect_tablet&quot;:{&quot;unit&quot;:&quot;deg&quot;,&quot;size&quot;:&quot;&quot;,&quot;sizes&quot;:[]},&quot;_transform_skewY_effect_mobile&quot;:{&quot;unit&quot;:&quot;deg&quot;,&quot;size&quot;:&quot;&quot;,&quot;sizes&quot;:[]}}\" data-widget_type=\"button.default\">\n\t\t\t\t<div class=\"elementor-widget-container\">\n\t\t\t\t\t\t\t\t\t<div class=\"elementor-button-wrapper\">\n\t\t\t\t\t<a class=\"elementor-button elementor-button-link elementor-size-xs\" href=\"https:\/\/previchama.pt\/previchama\/apoio-tecnico\">\n\t\t\t\t\t\t<span class=\"elementor-button-content-wrapper\">\n\t\t\t\t\t\t\t\t\t<span class=\"elementor-button-text\">APOIO T\u00c9CNICO<\/span>\n\t\t\t\t\t<\/span>\n\t\t\t\t\t<\/a>\n\t\t\t\t<\/div>\n\t\t\t\t\t\t\t\t<\/div>\n\t\t\t\t<\/div>\n\t\t\t\t<div class=\"elementor-element elementor-element-6f46e99 elementor-shape-circle elementor-grid-1 e-grid-align-left elementor-widget__width-initial elementor-fixed elementor-widget elementor-widget-social-icons\" data-id=\"6f46e99\" data-element_type=\"widget\" data-e-type=\"widget\" data-settings=\"{&quot;_position&quot;:&quot;fixed&quot;}\" data-widget_type=\"social-icons.default\">\n\t\t\t\t<div class=\"elementor-widget-container\">\n\t\t\t\t\t\t\t<div class=\"elementor-social-icons-wrapper elementor-grid\" role=\"list\">\n\t\t\t\t\t\t\t<span class=\"elementor-grid-item\" role=\"listitem\">\n\t\t\t\t\t<a class=\"elementor-icon elementor-social-icon elementor-social-icon-facebook elementor-repeater-item-385ffe3\" href=\"https:\/\/www.facebook.com\/previchama.2003\" target=\"_blank\" rel=\"noopener\">\n\t\t\t\t\t\t<span class=\"elementor-screen-only\">Facebook<\/span>\n\t\t\t\t\t\t<i aria-hidden=\"true\" class=\"fab fa-facebook\"><\/i>\t\t\t\t\t<\/a>\n\t\t\t\t<\/span>\n\t\t\t\t\t\t\t<span class=\"elementor-grid-item\" role=\"listitem\">\n\t\t\t\t\t<a class=\"elementor-icon elementor-social-icon elementor-social-icon-linkedin elementor-repeater-item-7cb80ab\" href=\"https:\/\/www.linkedin.com\/company\/previchama\" target=\"_blank\" rel=\"noopener\">\n\t\t\t\t\t\t<span class=\"elementor-screen-only\">Linkedin<\/span>\n\t\t\t\t\t\t<i aria-hidden=\"true\" class=\"fab fa-linkedin\"><\/i>\t\t\t\t\t<\/a>\n\t\t\t\t<\/span>\n\t\t\t\t\t\t\t<span class=\"elementor-grid-item\" role=\"listitem\">\n\t\t\t\t\t<a class=\"elementor-icon elementor-social-icon elementor-social-icon-instagram elementor-repeater-item-6107669\" href=\"https:\/\/www.instagram.com\/previchama\/\" target=\"_blank\" rel=\"noopener\">\n\t\t\t\t\t\t<span class=\"elementor-screen-only\">Instagram<\/span>\n\t\t\t\t\t\t<i aria-hidden=\"true\" class=\"fab fa-instagram\"><\/i>\t\t\t\t\t<\/a>\n\t\t\t\t<\/span>\n\t\t\t\t\t<\/div>\n\t\t\t\t\t\t<\/div>\n\t\t\t\t<\/div>\n\t\t\t\t\t<\/div>\n\t\t<\/div>\n\t\t\t\t<div class=\"elementor-column elementor-col-50 elementor-top-column elementor-element elementor-element-207f608\" data-id=\"207f608\" data-element_type=\"column\" data-e-type=\"column\">\n\t\t\t<div class=\"elementor-widget-wrap elementor-element-populated\">\n\t\t\t\t\t\t<div class=\"elementor-element elementor-element-99b4554 elementor-widget elementor-widget-spacer\" data-id=\"99b4554\" data-element_type=\"widget\" data-e-type=\"widget\" data-widget_type=\"spacer.default\">\n\t\t\t\t<div class=\"elementor-widget-container\">\n\t\t\t\t\t\t\t<div class=\"elementor-spacer\">\n\t\t\t<div class=\"elementor-spacer-inner\"><\/div>\n\t\t<\/div>\n\t\t\t\t\t\t<\/div>\n\t\t\t\t<\/div>\n\t\t\t\t<div class=\"elementor-element elementor-element-342f716 elementor-shape-circle elementor-grid-1 e-grid-align-left elementor-widget__width-initial elementor-fixed elementor-widget elementor-widget-social-icons\" data-id=\"342f716\" data-element_type=\"widget\" data-e-type=\"widget\" data-settings=\"{&quot;_position&quot;:&quot;fixed&quot;}\" data-widget_type=\"social-icons.default\">\n\t\t\t\t<div class=\"elementor-widget-container\">\n\t\t\t\t\t\t\t<div class=\"elementor-social-icons-wrapper elementor-grid\" role=\"list\">\n\t\t\t\t\t\t\t<span class=\"elementor-grid-item\" role=\"listitem\">\n\t\t\t\t\t<a class=\"elementor-icon elementor-social-icon elementor-social-icon-facebook elementor-repeater-item-385ffe3\" href=\"https:\/\/www.facebook.com\/previchama.2003\" target=\"_blank\" rel=\"noopener\">\n\t\t\t\t\t\t<span class=\"elementor-screen-only\">Facebook<\/span>\n\t\t\t\t\t\t<i aria-hidden=\"true\" class=\"fab fa-facebook\"><\/i>\t\t\t\t\t<\/a>\n\t\t\t\t<\/span>\n\t\t\t\t\t\t\t<span class=\"elementor-grid-item\" role=\"listitem\">\n\t\t\t\t\t<a class=\"elementor-icon elementor-social-icon elementor-social-icon-linkedin elementor-repeater-item-7cb80ab\" href=\"https:\/\/www.linkedin.com\/company\/previchama\" target=\"_blank\" rel=\"noopener\">\n\t\t\t\t\t\t<span class=\"elementor-screen-only\">Linkedin<\/span>\n\t\t\t\t\t\t<i aria-hidden=\"true\" class=\"fab fa-linkedin\"><\/i>\t\t\t\t\t<\/a>\n\t\t\t\t<\/span>\n\t\t\t\t\t\t\t<span class=\"elementor-grid-item\" role=\"listitem\">\n\t\t\t\t\t<a class=\"elementor-icon elementor-social-icon elementor-social-icon-instagram elementor-repeater-item-6107669\" href=\"https:\/\/www.instagram.com\/previchama\/\" target=\"_blank\" rel=\"noopener\">\n\t\t\t\t\t\t<span class=\"elementor-screen-only\">Instagram<\/span>\n\t\t\t\t\t\t<i aria-hidden=\"true\" class=\"fab fa-instagram\"><\/i>\t\t\t\t\t<\/a>\n\t\t\t\t<\/span>\n\t\t\t\t\t<\/div>\n\t\t\t\t\t\t<\/div>\n\t\t\t\t<\/div>\n\t\t\t\t\t<\/div>\n\t\t<\/div>\n\t\t\t\t\t<\/div>\n\t\t<\/section>\n\t\t\t\t<section class=\"elementor-section elementor-top-section elementor-element elementor-element-f758e42 elementor-section-boxed elementor-section-height-default elementor-section-height-default\" data-id=\"f758e42\" data-element_type=\"section\" data-e-type=\"section\">\n\t\t\t\t\t\t<div class=\"elementor-container elementor-column-gap-default\">\n\t\t\t\t\t<div class=\"elementor-column elementor-col-100 elementor-top-column elementor-element elementor-element-b44a80d\" data-id=\"b44a80d\" data-element_type=\"column\" data-e-type=\"column\">\n\t\t\t<div class=\"elementor-widget-wrap elementor-element-populated\">\n\t\t\t\t\t\t<div class=\"elementor-element elementor-element-5bb6eb1 elementor-widget elementor-widget-heading\" data-id=\"5bb6eb1\" data-element_type=\"widget\" data-e-type=\"widget\" data-widget_type=\"heading.default\">\n\t\t\t\t<div class=\"elementor-widget-container\">\n\t\t\t\t\t<h3 class=\"elementor-heading-title elementor-size-default\">PROTE\u00c7\u00c3O CONTRA INC\u00caNDIO<\/h3>\t\t\t\t<\/div>\n\t\t\t\t<\/div>\n\t\t\t\t<div class=\"elementor-element elementor-element-3941e12 elementor-widget elementor-widget-heading\" data-id=\"3941e12\" data-element_type=\"widget\" data-e-type=\"widget\" data-widget_type=\"heading.default\">\n\t\t\t\t<div class=\"elementor-widget-container\">\n\t\t\t\t\t<h3 class=\"elementor-heading-title elementor-size-default\">CAT\u00c1LOGOS DE SINALIZA\u00c7\u00c3O DE SEGURAN\u00c7A<\/h3>\t\t\t\t<\/div>\n\t\t\t\t<\/div>\n\t\t\t\t\t<\/div>\n\t\t<\/div>\n\t\t\t\t\t<\/div>\n\t\t<\/section>\n\t\t\t\t<section class=\"elementor-section elementor-top-section elementor-element elementor-element-2463b5a elementor-section-boxed elementor-section-height-default elementor-section-height-default\" data-id=\"2463b5a\" data-element_type=\"section\" data-e-type=\"section\">\n\t\t\t\t\t\t<div class=\"elementor-container elementor-column-gap-default\">\n\t\t\t\t\t<div class=\"elementor-column elementor-col-100 elementor-top-column elementor-element elementor-element-cb2164d\" data-id=\"cb2164d\" data-element_type=\"column\" data-e-type=\"column\">\n\t\t\t<div class=\"elementor-widget-wrap elementor-element-populated\">\n\t\t\t\t\t\t<div class=\"elementor-element elementor-element-45eae27 elementor-widget elementor-widget-spacer\" data-id=\"45eae27\" data-element_type=\"widget\" data-e-type=\"widget\" data-widget_type=\"spacer.default\">\n\t\t\t\t<div class=\"elementor-widget-container\">\n\t\t\t\t\t\t\t<div class=\"elementor-spacer\">\n\t\t\t<div class=\"elementor-spacer-inner\"><\/div>\n\t\t<\/div>\n\t\t\t\t\t\t<\/div>\n\t\t\t\t<\/div>\n\t\t\t\t<div class=\"elementor-element elementor-element-19a49a8 elementor-widget elementor-widget-text-editor\" data-id=\"19a49a8\" data-element_type=\"widget\" data-e-type=\"widget\" data-widget_type=\"text-editor.default\">\n\t\t\t\t<div class=\"elementor-widget-container\">\n\t\t\t\t\t\t\t\t\t<p><span style=\"text-decoration: underline;\"><a href=\"https:\/\/previchama.pt\/previchama\/wp-content\/uploads\/2022\/01\/previchama-pci-ss-sinais-contra-incendio.pdf\" target=\"_blank\" rel=\"noopener\">Cat\u00e1logo \u2013 categoria PCI SS Sinais Contra Inc\u00eandio.pdf<\/a><\/span><\/p><p><span style=\"text-decoration: underline;\"><a href=\"https:\/\/previchama.pt\/previchama\/wp-content\/uploads\/2022\/01\/previchama-pci-ss-sinalizacao-emergencia.pdf\" target=\"_blank\" rel=\"noopener\">Cat\u00e1logo \u2013 categoria PCI SS Sinais de Emerg\u00eancia.pdf<\/a><\/span><\/p><p><span style=\"text-decoration: underline;\"><a href=\"https:\/\/previchama.pt\/previchama\/wp-content\/uploads\/2022\/01\/previchama-pci-ss-plantas-emergencia.pdf\" target=\"_blank\" rel=\"noopener\">Cat\u00e1logo \u2013 categoria PCI SS Plantas de Emerg\u00eancia.pdf<\/a><\/span><\/p><p><span style=\"text-decoration: underline;\"><a href=\"https:\/\/previchama.pt\/previchama\/wp-content\/uploads\/2022\/01\/previchama-pci-ss-sinais-informacao.pdf\" target=\"_blank\" rel=\"noopener\">Cat\u00e1logo \u2013 categoria PCI SS Sinais de Informa\u00e7\u00e3o.pdf<\/a><\/span><\/p><p><span style=\"text-decoration: underline;\"><a href=\"https:\/\/previchama.pt\/previchama\/wp-content\/uploads\/2022\/01\/previchama-pci-ss-sinais-obrigacao.pdf\" target=\"_blank\" rel=\"noopener\">Cat\u00e1logo \u2013 categoria PCI SS Sinais de Obriga\u00e7\u00e3o.pdf<\/a><\/span><\/p><p><span style=\"text-decoration: underline;\"><a href=\"https:\/\/previchama.pt\/previchama\/wp-content\/uploads\/2022\/01\/previchama-pci-ss-sinais-parque-estacionamento.pdf\" target=\"_blank\" rel=\"noopener\">Cat\u00e1logo \u2013 categoria PCI SS Sinais de Parques de Estacionamento.pdf<\/a><\/span><\/p><p><span style=\"text-decoration: underline;\"><a href=\"https:\/\/previchama.pt\/previchama\/wp-content\/uploads\/2022\/01\/previchama-pci-ss-sinais-perfil.pdf\" target=\"_blank\" rel=\"noopener\">Cat\u00e1logo \u2013 categoria PCI SS Sinais de Perfil.pdf<\/a><\/span><\/p><p><span style=\"text-decoration: underline;\"><a href=\"https:\/\/previchama.pt\/previchama\/wp-content\/uploads\/2022\/01\/previchama-pci-ss-sinais-perigo-identificacao.pdf\" target=\"_blank\" rel=\"noopener\">Cat\u00e1logo \u2013 categoria PCI SS Sinais de Perigo e Identifica\u00e7\u00e3o.pdf<\/a><\/span><\/p><p><span style=\"text-decoration: underline;\"><a href=\"https:\/\/previchama.pt\/previchama\/wp-content\/uploads\/2022\/01\/previchama-pci-ss-sinais-perigo.pdf\" target=\"_blank\" rel=\"noopener\">Cat\u00e1logo \u2013 categoria PCI SS Sinais de Perigo.pdf<\/a><\/span><\/p><p><span style=\"text-decoration: underline;\"><a href=\"https:\/\/previchama.pt\/previchama\/wp-content\/uploads\/2022\/01\/previchama-pci-ss-sinais-proibicao.pdf\" target=\"_blank\" rel=\"noopener\">Cat\u00e1logo \u2013 categoria PCI SS Sinais de Proibi\u00e7\u00e3o.pdf<\/a><\/span><\/p><p><span style=\"text-decoration: underline;\"><a href=\"https:\/\/previchama.pt\/previchama\/wp-content\/uploads\/2022\/01\/previchama-pci-ss-sinais-qualidade.pdf\" target=\"_blank\" rel=\"noopener\">Cat\u00e1logo \u2013 categoria PCI SS Sinais de Qualidade.pdf<\/a><\/span><\/p><p><span style=\"text-decoration: underline;\"><a href=\"https:\/\/previchama.pt\/previchama\/wp-content\/uploads\/2022\/01\/previchama-pci-ss-sinais-transito.pdf\" target=\"_blank\" rel=\"noopener\">Cat\u00e1logo \u2013 categoria PCI SS Sinais de Tr\u00e2nsito.pdf<\/a><\/span><\/p><p><span style=\"text-decoration: underline;\"><a href=\"https:\/\/previchama.pt\/previchama\/wp-content\/uploads\/2022\/01\/previchama-pci-ss-sinais-embalagem.pdf\" target=\"_blank\" rel=\"noopener\">Cat\u00e1logo \u2013 categoria PCI SS Sinais de Embalagem.pdf<\/a><\/span><\/p><p><span style=\"text-decoration: underline;\"><a href=\"https:\/\/previchama.pt\/previchama\/wp-content\/uploads\/2022\/01\/previchama-pci-ss-sinais-condominio-1.pdf\" target=\"_blank\" rel=\"noopener\">Cat\u00e1logo \u2013 categoria PCI SS Sinais de Condom\u00ednio.pdf<\/a><\/span><\/p><p><span style=\"text-decoration: underline;\"><a href=\"https:\/\/previchama.pt\/previchama\/wp-content\/uploads\/2022\/01\/previchama-pci-ss-sinais-estaleiros.pdf\" target=\"_blank\" rel=\"noopener\">Cat\u00e1logo \u2013 categoria PCI SS Sinais de Estaleiros.pdf<\/a><\/span><\/p><p><span style=\"text-decoration: underline;\"><a href=\"https:\/\/previchama.pt\/previchama\/wp-content\/uploads\/2022\/01\/previchama-pci-ss-separacao-residuos-1.pdf\" target=\"_blank\" rel=\"noopener\">Cat\u00e1logo \u2013 categoria PCI SS Sinais de Separa\u00e7\u00e3o de Res\u00edduos.pdf<\/a><\/span><\/p><p><span style=\"text-decoration: underline;\"><a href=\"https:\/\/previchama.pt\/previchama\/wp-content\/uploads\/2022\/01\/previchama-pci-ss-sinais-compostos-1.pdf\" target=\"_blank\" rel=\"noopener\">Cat\u00e1logo \u2013 categoria PCI SS Sinais Compostos.pdf<\/a><\/span><\/p><p><span style=\"text-decoration: underline;\"><a href=\"https:\/\/previchama.pt\/previchama\/wp-content\/uploads\/2022\/01\/previchama-pci-ss-sinais-aluminio-1.pdf\" target=\"_blank\" rel=\"noopener\">Cat\u00e1logo \u2013 categoria PCI SS Sinais de Alum\u00ednio.pdf<\/a><\/span><\/p><p><span style=\"text-decoration: underline;\"><a href=\"https:\/\/previchama.pt\/previchama\/wp-content\/uploads\/2022\/01\/previchama-pci-ss-sinais-vinil.pdf\" target=\"_blank\" rel=\"noopener\">Cat\u00e1logo \u2013 categoria PCI SS Sinais de Vinil.pdf<\/a><\/span><\/p><p><span style=\"text-decoration: underline;\"><a href=\"https:\/\/previchama.pt\/previchama\/wp-content\/uploads\/2022\/01\/previchama-pci-ss-materiais-1.pdf\" target=\"_blank\" rel=\"noopener\">Cat\u00e1logo \u2013 categoria PCI SS Materiais.pdf<\/a><\/span><\/p><p><span style=\"text-decoration: underline;\"><a href=\"https:\/\/previchama.pt\/previchama\/wp-content\/uploads\/2022\/01\/previchama-pci-ss-ao-nivel-solo.pdf\" target=\"_blank\" rel=\"noopener\">Cat\u00e1logo \u2013 categoria PCI SS Sinaliza\u00e7\u00e3o ao N\u00edvel do Solo.pdf<\/a><\/span><\/p><p><span style=\"text-decoration: underline;\"><a href=\"https:\/\/previchama.pt\/previchama\/wp-content\/uploads\/2022\/01\/previchama-pci-ss-diferentes-tipos-sinalizacao-enq-legal.pdf\" target=\"_blank\" rel=\"noopener\">Cat\u00e1logo \u2013 categoria PCI SS Diferentes Tipos de Sinaliza\u00e7\u00e3o.pdf<\/a><\/span><\/p>\t\t\t\t\t\t\t\t<\/div>\n\t\t\t\t<\/div>\n\t\t\t\t\t<\/div>\n\t\t<\/div>\n\t\t\t\t\t<\/div>\n\t\t<\/section>\n\t\t\t\t<\/div>\n\t\t","protected":false},"excerpt":{"rendered":"<p>APOIO T\u00c9CNICO Facebook Linkedin Instagram Facebook Linkedin Instagram PROTE\u00c7\u00c3O CONTRA INC\u00caNDIO CAT\u00c1LOGOS DE SINALIZA\u00c7\u00c3O DE SEGURAN\u00c7A Cat\u00e1logo \u2013 categoria PCI SS Sinais Contra Inc\u00eandio.pdf Cat\u00e1logo \u2013 categoria PCI SS Sinais de Emerg\u00eancia.pdf Cat\u00e1logo \u2013 categoria PCI SS Plantas de Emerg\u00eancia.pdf Cat\u00e1logo \u2013 [&hellip;]<\/p>\n","protected":false},"author":1,"featured_media":0,"parent":128,"menu_order":0,"comment_status":"closed","ping_status":"closed","template":"","meta":{"footnotes":""},"class_list":["post-1529","page","type-page","status-publish","hentry"],"_links":{"self":[{"href":"https:\/\/previchama.pt\/previchama\/wp-json\/wp\/v2\/pages\/1529","targetHints":{"allow":["GET"]}}],"collection":[{"href":"https:\/\/previchama.pt\/previchama\/wp-json\/wp\/v2\/pages"}],"about":[{"href":"https:\/\/previchama.pt\/previchama\/wp-json\/wp\/v2\/types\/page"}],"author":[{"embeddable":true,"href":"https:\/\/previchama.pt\/previchama\/wp-json\/wp\/v2\/users\/1"}],"replies":[{"embeddable":true,"href":"https:\/\/previchama.pt\/previchama\/wp-json\/wp\/v2\/comments?post=1529"}],"version-history":[{"count":28,"href":"https:\/\/previchama.pt\/previchama\/wp-json\/wp\/v2\/pages\/1529\/revisions"}],"predecessor-version":[{"id":1584,"href":"https:\/\/previchama.pt\/previchama\/wp-json\/wp\/v2\/pages\/1529\/revisions\/1584"}],"up":[{"embeddable":true,"href":"https:\/\/previchama.pt\/previchama\/wp-json\/wp\/v2\/pages\/128"}],"wp:attachment":[{"href":"https:\/\/previchama.pt\/previchama\/wp-json\/wp\/v2\/media?parent=1529"}],"curies":[{"name":"wp","href":"https:\/\/api.w.org\/{rel}","templated":true}]}}